{"id":1560,"date":"2022-12-26T11:03:45","date_gmt":"2022-12-26T11:03:45","guid":{"rendered":"http:\/\/raphael-rebibo.com\/?page_id=1560"},"modified":"2023-01-06T15:19:36","modified_gmt":"2023-01-06T15:19:36","slug":"actualites","status":"publish","type":"page","link":"https:\/\/raphael-rebibo.com\/en\/actualites\/","title":{"rendered":"News"},"content":{"rendered":"<div data-elementor-type=\"wp-page\" data-elementor-id=\"1560\" class=\"elementor elementor-1560\">\n\t\t\t\t\t\t<section class=\"elementor-section elementor-top-section elementor-element elementor-element-b89bf2d elementor-section-boxed elementor-section-height-default elementor-section-height-default\" data-id=\"b89bf2d\" data-element_type=\"section\" data-e-type=\"section\" data-settings=\"{&quot;background_background&quot;:&quot;classic&quot;}\">\n\t\t\t\t\t\t\t<div class=\"elementor-background-overlay\"><\/div>\n\t\t\t\t\t\t\t<div class=\"elementor-container elementor-column-gap-default\">\n\t\t\t\t\t<div class=\"elementor-column elementor-col-100 elementor-top-column elementor-element elementor-element-1a23118\" data-id=\"1a23118\" data-element_type=\"column\" data-e-type=\"column\">\n\t\t\t<div class=\"elementor-widget-wrap elementor-element-populated\">\n\t\t\t\t\t\t<div class=\"elementor-element elementor-element-d05f21d elementor-widget elementor-widget-text-editor\" data-id=\"d05f21d\" data-element_type=\"widget\" data-e-type=\"widget\" data-widget_type=\"text-editor.default\">\n\t\t\t\t<div class=\"elementor-widget-container\">\n\t\t\t\t\t\t\t\t\t<h3>Magora Productions<\/h3><div class=\"elementor-element elementor-element-5a5e1ca elementor-widget elementor-widget-text-editor\" data-id=\"5a5e1ca\" data-element_type=\"widget\" data-widget_type=\"text-editor.default\"><div class=\"elementor-widget-container\"><p>Created in 1997, with Martine Fitoussi, Magora productions is a production, co-production and delegate production company for films for cinema and television.<\/p><p>Martine Fitoussi, accompanies Raphael Rebibo in his projects as associate producer. She is also in charge of the promotion of her films and the communication of the company.<\/p><\/div><\/div>\t\t\t\t\t\t\t\t<\/div>\n\t\t\t\t<\/div>\n\t\t\t\t\t<\/div>\n\t\t<\/div>\n\t\t\t\t\t<\/div>\n\t\t<\/section>\n\t\t\t\t<section class=\"elementor-section elementor-top-section elementor-element elementor-element-cf12b5e elementor-section-full_width elementor-section-height-min-height elementor-section-height-default elementor-section-items-middle\" data-id=\"cf12b5e\" data-element_type=\"section\" data-e-type=\"section\" data-settings=\"{&quot;background_background&quot;:&quot;classic&quot;}\">\n\t\t\t\t\t\t<div class=\"elementor-container elementor-column-gap-default\">\n\t\t\t\t\t<div class=\"elementor-column elementor-col-100 elementor-top-column elementor-element elementor-element-17daee7\" data-id=\"17daee7\" data-element_type=\"column\" data-e-type=\"column\">\n\t\t\t<div class=\"elementor-widget-wrap\">\n\t\t\t\t\t\t\t<\/div>\n\t\t<\/div>\n\t\t\t\t\t<\/div>\n\t\t<\/section>\n\t\t\t\t<section class=\"elementor-section elementor-top-section elementor-element elementor-element-730cc8b elementor-section-boxed elementor-section-height-default elementor-section-height-default\" data-id=\"730cc8b\" data-element_type=\"section\" data-e-type=\"section\">\n\t\t\t\t\t\t<div class=\"elementor-container elementor-column-gap-default\">\n\t\t\t\t\t<div class=\"elementor-column elementor-col-100 elementor-top-column elementor-element elementor-element-31fa7db\" data-id=\"31fa7db\" data-element_type=\"column\" data-e-type=\"column\">\n\t\t\t<div class=\"elementor-widget-wrap elementor-element-populated\">\n\t\t\t\t\t\t<div class=\"elementor-element elementor-element-1000d40 elementor-widget elementor-widget-heading\" data-id=\"1000d40\" data-element_type=\"widget\" data-e-type=\"widget\" data-widget_type=\"heading.default\">\n\t\t\t\t<div class=\"elementor-widget-container\">\n\t\t\t\t\t<h2 class=\"elementor-heading-title elementor-size-default\">In project<\/h2>\t\t\t\t<\/div>\n\t\t\t\t<\/div>\n\t\t\t\t<div class=\"elementor-element elementor-element-211d7b8 elementor-widget elementor-widget-text-editor\" data-id=\"211d7b8\" data-element_type=\"widget\" data-e-type=\"widget\" data-widget_type=\"text-editor.default\">\n\t\t\t\t<div class=\"elementor-widget-container\">\n\t\t\t\t\t\t\t\t\t<p><strong>Raquel<\/strong> <i><br \/><\/i>Script<i><br \/><\/i>Pitch : <i>A beautiful love story that takes place in a small town by the sea...<br \/><\/i>In development<i><br \/><\/i><\/p><p><strong>Une histoire de bourg<br \/><\/strong>Script<i><br \/><\/i><\/p><p><strong>Le Duc<br \/><\/strong>Script<strong><br \/><\/strong><i><\/i><\/p>\t\t\t\t\t\t\t\t<\/div>\n\t\t\t\t<\/div>\n\t\t\t\t\t<\/div>\n\t\t<\/div>\n\t\t\t\t\t<\/div>\n\t\t<\/section>\n\t\t\t\t<\/div>","protected":false},"excerpt":{"rendered":"<p>Magora Productions Cr\u00e9e en 1997, avec Martine Fitoussi, Magora productions est une soci\u00e9t\u00e9 de production, de coproduction, de production d\u00e9l\u00e9gu\u00e9e de films pour le cin\u00e9ma et la t\u00e9l\u00e9vision. Martine Fitoussi, accompagne Raphael Rebibo dans ses projets en tant que productrice associ\u00e9e. Elle est aussi charg\u00e9e de la promotion des ses films et de la communication&#8230;<\/p>","protected":false},"author":1,"featured_media":0,"parent":0,"menu_order":0,"comment_status":"closed","ping_status":"closed","template":"","meta":{"_kadence_starter_templates_imported_post":false,"_kad_post_transparent":"","_kad_post_title":"hide","_kad_post_layout":"fullwidth","_kad_post_sidebar_id":"","_kad_post_content_style":"unboxed","_kad_post_vertical_padding":"hide","_kad_post_feature":"hide","_kad_post_feature_position":"","_kad_post_header":false,"_kad_post_footer":false,"_kad_post_classname":"","footnotes":""},"class_list":["post-1560","page","type-page","status-publish","hentry"],"_links":{"self":[{"href":"https:\/\/raphael-rebibo.com\/en\/wp-json\/wp\/v2\/pages\/1560","targetHints":{"allow":["GET"]}}],"collection":[{"href":"https:\/\/raphael-rebibo.com\/en\/wp-json\/wp\/v2\/pages"}],"about":[{"href":"https:\/\/raphael-rebibo.com\/en\/wp-json\/wp\/v2\/types\/page"}],"author":[{"embeddable":true,"href":"https:\/\/raphael-rebibo.com\/en\/wp-json\/wp\/v2\/users\/1"}],"replies":[{"embeddable":true,"href":"https:\/\/raphael-rebibo.com\/en\/wp-json\/wp\/v2\/comments?post=1560"}],"version-history":[{"count":43,"href":"https:\/\/raphael-rebibo.com\/en\/wp-json\/wp\/v2\/pages\/1560\/revisions"}],"predecessor-version":[{"id":1666,"href":"https:\/\/raphael-rebibo.com\/en\/wp-json\/wp\/v2\/pages\/1560\/revisions\/1666"}],"wp:attachment":[{"href":"https:\/\/raphael-rebibo.com\/en\/wp-json\/wp\/v2\/media?parent=1560"}],"curies":[{"name":"wp","href":"https:\/\/api.w.org\/{rel}","templated":true}]}}