{"id":11,"date":"2022-10-31T12:00:25","date_gmt":"2022-10-31T12:00:25","guid":{"rendered":"http:\/\/raphael-rebibo.local\/?page_id=11"},"modified":"2023-11-02T11:50:38","modified_gmt":"2023-11-02T11:50:38","slug":"martine-fitoussi","status":"publish","type":"page","link":"https:\/\/raphael-rebibo.com\/en\/martine-fitoussi\/","title":{"rendered":"Martine Fitoussi"},"content":{"rendered":"<div data-elementor-type=\"wp-page\" data-elementor-id=\"11\" class=\"elementor elementor-11\">\n\t\t\t\t\t\t<section class=\"elementor-section elementor-top-section elementor-element elementor-element-3c8a0ad elementor-section-boxed elementor-section-height-default elementor-section-height-default\" data-id=\"3c8a0ad\" data-element_type=\"section\" data-e-type=\"section\">\n\t\t\t\t\t\t<div class=\"elementor-container elementor-column-gap-default\">\n\t\t\t\t\t<div class=\"elementor-column elementor-col-66 elementor-top-column elementor-element elementor-element-0b74259\" data-id=\"0b74259\" data-element_type=\"column\" data-e-type=\"column\">\n\t\t\t<div class=\"elementor-widget-wrap elementor-element-populated\">\n\t\t\t\t\t\t<div class=\"elementor-element elementor-element-e0d5722 elementor-widget elementor-widget-text-editor\" data-id=\"e0d5722\" data-element_type=\"widget\" data-e-type=\"widget\" data-widget_type=\"text-editor.default\">\n\t\t\t\t<div class=\"elementor-widget-container\">\n\t\t\t\t\t\t\t\t\t<h2 class=\"elementor-heading-title elementor-size-default\">Martine Fitoussi<\/h2><div class=\"elementor-element elementor-element-26a4377 elementor-widget elementor-widget-text-editor\" data-id=\"26a4377\" data-element_type=\"widget\" data-widget_type=\"text-editor.default\"><div class=\"elementor-widget-container\"><p>*** Film studies at the University of Paris 8. ** assistant director (1978-1979) on two short films \u201cl\u2019affichiste\u201d by Herv\u00e9 Morvan and <a href=\"https:\/\/www.unifrance.org\/film\/11956\/le-poeme\" target=\"_blank\" rel=\"noopener\">\u00ab Le Po\u00ebme \u00bb<\/a> by Bogdan Borkowski, **Assistant director on 3 feature films <a href=\"https:\/\/madelen.ina.fr\/serie\/le-comte-de-monte-cristo-2567\" target=\"_blank\" rel=\"noopener\">\u00ab Le Comte de Monte Christo \u00bb<\/a> de Denis de la Patelli\u00e8re, <a href=\"https:\/\/www.unifrance.org\/film\/1692\/les-filles-du-regiment\" target=\"_blank\" rel=\"noopener\">\u00ab Les Filles du R\u00e9giment \u00bb<\/a> by Claude Bernard Aubert and <a href=\"https:\/\/www.unifrance.org\/film\/7098\/saint-voyou\" target=\"_blank\" rel=\"noopener\">\u00ab Saint Voyou, priez pour nous \u00bb<\/a> by Alphonse B\u00e9ni.<br \/>** In 1980-1982, she wrote and directed the short film <a href=\"https:\/\/www.unifrance.org\/film\/29052\/la-haggadah-de-moretti\" target=\"_blank\" rel=\"noopener\">\u00ab La Haggadah de Moretti \u00bb<\/a> co-produced with Jacques Moyal, then she wrote, directed and co-produced a program \"Pessah on video.\"<br \/>** Between 1982 and 1986, she produced a dozen institutional films then she wrote, directed and co-produced with T\u00e9l\u00e9tota: \"M\u00e9tamorphose\", a 55 mn film with the famous choreographer Amadeo.<br \/>** In 1986, she joined the team of \"Entreprendre 86\", 1st Salon sur la Cr\u00e9ation et l'Innovation de l'Entreprise  ** From 1987 to 1995, she worked in the field of sports publishing.<br \/>** In 1997 she joined the Magora company where she was Director of the Publishing department.<br \/>**In 2014, she participated in the development of several feature films by Raphael Rebibo,<br \/>** She organizes a Retrospective of his films in Israel in the Cinematheques of Tel-Aviv, Jerusalem, and Haifa. **In 2016 she is Associate Producer on the film <a href=\"http:\/\/www.unifrance.org\/film\/39860\/amor\" target=\"_blank\" rel=\"noopener\">Amor.<\/a><br \/>Member : CST (Production R\u00e9alisation) and L' Agence du Court-M\u00e9trage ***<\/p><\/div><\/div>\t\t\t\t\t\t\t\t<\/div>\n\t\t\t\t<\/div>\n\t\t\t\t\t<\/div>\n\t\t<\/div>\n\t\t\t\t<div class=\"elementor-column elementor-col-33 elementor-top-column elementor-element elementor-element-ec5ef97\" data-id=\"ec5ef97\" data-element_type=\"column\" data-e-type=\"column\">\n\t\t\t<div class=\"elementor-widget-wrap elementor-element-populated\">\n\t\t\t\t\t\t<div class=\"elementor-element elementor-element-728464f elementor-widget elementor-widget-image\" data-id=\"728464f\" data-element_type=\"widget\" data-e-type=\"widget\" data-widget_type=\"image.default\">\n\t\t\t\t<div class=\"elementor-widget-container\">\n\t\t\t\t\t\t\t\t\t\t\t\t\t\t\t<img decoding=\"async\" width=\"180\" height=\"234\" src=\"https:\/\/raphael-rebibo.com\/wp-content\/uploads\/2022\/11\/martine-fitoussi_2.jpg\" class=\"attachment-2048x2048 size-2048x2048 wp-image-891\" alt=\"\" \/>\t\t\t\t\t\t\t\t\t\t\t\t\t\t\t<\/div>\n\t\t\t\t<\/div>\n\t\t\t\t\t<\/div>\n\t\t<\/div>\n\t\t\t\t\t<\/div>\n\t\t<\/section>\n\t\t\t\t<section class=\"elementor-section elementor-top-section elementor-element elementor-element-85ce55f elementor-section-content-middle elementor-section-boxed elementor-section-height-default elementor-section-height-default\" data-id=\"85ce55f\" data-element_type=\"section\" data-e-type=\"section\" data-settings=\"{&quot;background_background&quot;:&quot;classic&quot;}\">\n\t\t\t\t\t\t\t<div class=\"elementor-background-overlay\"><\/div>\n\t\t\t\t\t\t\t<div class=\"elementor-container elementor-column-gap-wide\">\n\t\t\t\t\t<div class=\"elementor-column elementor-col-100 elementor-top-column elementor-element elementor-element-40052c4 elementor-invisible\" data-id=\"40052c4\" data-element_type=\"column\" data-e-type=\"column\" data-settings=\"{&quot;animation&quot;:&quot;fadeIn&quot;,&quot;animation_delay&quot;:100}\">\n\t\t\t<div class=\"elementor-widget-wrap elementor-element-populated\">\n\t\t\t\t\t\t<div class=\"elementor-element elementor-element-6bec7e1 elementor-widget elementor-widget-video\" data-id=\"6bec7e1\" data-element_type=\"widget\" data-e-type=\"widget\" data-settings=\"{&quot;start&quot;:0,&quot;show_image_overlay&quot;:&quot;yes&quot;,&quot;image_overlay&quot;:{&quot;url&quot;:&quot;http:\\\/\\\/raphael-rebibo.com\\\/wp-content\\\/uploads\\\/2022\\\/11\\\/La-Haggadah.jpg&quot;,&quot;id&quot;:982,&quot;size&quot;:&quot;&quot;,&quot;alt&quot;:&quot;&quot;,&quot;source&quot;:&quot;library&quot;},&quot;video_type&quot;:&quot;hosted&quot;,&quot;controls&quot;:&quot;yes&quot;}\" data-widget_type=\"video.default\">\n\t\t\t\t<div class=\"elementor-widget-container\">\n\t\t\t\t\t\t\t<div class=\"e-hosted-video elementor-wrapper elementor-open-inline\">\n\t\t\t\t\t<video class=\"elementor-video\" src=\"http:\/\/raphael-rebibo.com\/wp-content\/uploads\/2022\/11\/Extrait_La-Haggadah.mp4\" controls=\"\" preload=\"metadata\" controlslist=\"nodownload\"><\/video>\n\t\t\t\t\t\t<div class=\"elementor-custom-embed-image-overlay\" style=\"background-image: url(https:\/\/raphael-rebibo.com\/wp-content\/uploads\/2022\/11\/La-Haggadah.jpg);\">\n\t\t\t\t\t\t\t\t\t\t\t\t\t\t\t\t<div class=\"elementor-custom-embed-play\" role=\"button\" aria-label=\"Play Video\" tabindex=\"0\">\n\t\t\t\t\t\t\t<i aria-hidden=\"true\" class=\"eicon-play\"><\/i>\t\t\t\t\t\t<\/div>\n\t\t\t\t\t\t\t\t\t<\/div>\n\t\t\t\t\t<\/div>\n\t\t\t\t\t\t<\/div>\n\t\t\t\t<\/div>\n\t\t\t\t\t<\/div>\n\t\t<\/div>\n\t\t\t\t<div class=\"elementor-column elementor-col-100 elementor-top-column elementor-element elementor-element-c94d584\" data-id=\"c94d584\" data-element_type=\"column\" data-e-type=\"column\">\n\t\t\t<div class=\"elementor-widget-wrap elementor-element-populated\">\n\t\t\t\t\t\t<div class=\"elementor-element elementor-element-37b0262 elementor-invisible elementor-widget elementor-widget-heading\" data-id=\"37b0262\" data-element_type=\"widget\" data-e-type=\"widget\" data-settings=\"{&quot;_animation&quot;:&quot;fadeIn&quot;,&quot;_animation_delay&quot;:100}\" data-widget_type=\"heading.default\">\n\t\t\t\t<div class=\"elementor-widget-container\">\n\t\t\t\t\t<h2 class=\"elementor-heading-title elementor-size-default\">La Haggadah<br>de Moretti<\/h2>\t\t\t\t<\/div>\n\t\t\t\t<\/div>\n\t\t\t\t<div class=\"elementor-element elementor-element-c9c89cf elementor-invisible elementor-widget elementor-widget-heading\" data-id=\"c9c89cf\" data-element_type=\"widget\" data-e-type=\"widget\" data-settings=\"{&quot;_animation&quot;:&quot;fadeIn&quot;,&quot;_animation_delay&quot;:150}\" data-widget_type=\"heading.default\">\n\t\t\t\t<div class=\"elementor-widget-container\">\n\t\t\t\t\t<h2 class=\"elementor-heading-title elementor-size-default\">Short film by Martine Fitoussi<\/h2>\t\t\t\t<\/div>\n\t\t\t\t<\/div>\n\t\t\t\t\t<\/div>\n\t\t<\/div>\n\t\t\t\t\t<\/div>\n\t\t<\/section>\n\t\t\t\t<section class=\"elementor-section elementor-top-section elementor-element elementor-element-21ae232 elementor-section-boxed elementor-section-height-default elementor-section-height-default\" data-id=\"21ae232\" data-element_type=\"section\" data-e-type=\"section\">\n\t\t\t\t\t\t<div class=\"elementor-container elementor-column-gap-wider\">\n\t\t\t\t\t<div class=\"elementor-column elementor-col-16 elementor-top-column elementor-element elementor-element-0dcb022\" data-id=\"0dcb022\" data-element_type=\"column\" data-e-type=\"column\" data-settings=\"{&quot;background_background&quot;:&quot;gradient&quot;}\">\n\t\t\t<div class=\"elementor-widget-wrap elementor-element-populated\">\n\t\t\t\t\t<div class=\"elementor-background-overlay\"><\/div>\n\t\t\t\t\t\t<div class=\"elementor-element elementor-element-997f879 elementor-widget elementor-widget-image\" data-id=\"997f879\" data-element_type=\"widget\" data-e-type=\"widget\" data-widget_type=\"image.default\">\n\t\t\t\t<div class=\"elementor-widget-container\">\n\t\t\t\t\t\t\t\t\t\t\t\t\t\t\t\t<a href=\"https:\/\/www.unifrance.org\/annuaires\/personne\/350606\/martine-fitoussi\" target=\"_blank\">\n\t\t\t\t\t\t\t<img decoding=\"async\" width=\"123\" height=\"45\" src=\"https:\/\/raphael-rebibo.com\/wp-content\/uploads\/2022\/11\/logo-unifrance.jpg\" class=\"attachment-full size-full wp-image-924\" alt=\"\" \/>\t\t\t\t\t\t\t\t<\/a>\n\t\t\t\t\t\t\t\t\t\t\t\t\t\t\t<\/div>\n\t\t\t\t<\/div>\n\t\t\t\t\t<\/div>\n\t\t<\/div>\n\t\t\t\t<div class=\"elementor-column elementor-col-16 elementor-top-column elementor-element elementor-element-63f7b90\" data-id=\"63f7b90\" data-element_type=\"column\" data-e-type=\"column\" data-settings=\"{&quot;background_background&quot;:&quot;gradient&quot;}\">\n\t\t\t<div class=\"elementor-widget-wrap elementor-element-populated\">\n\t\t\t\t\t\t<div class=\"elementor-element elementor-element-472c026 elementor-widget elementor-widget-image\" data-id=\"472c026\" data-element_type=\"widget\" data-e-type=\"widget\" data-widget_type=\"image.default\">\n\t\t\t\t<div class=\"elementor-widget-container\">\n\t\t\t\t\t\t\t\t\t\t\t\t\t\t\t\t<a href=\"https:\/\/cineuropa.org\/en\/filmography\/424467\/\" target=\"_blank\">\n\t\t\t\t\t\t\t<img decoding=\"async\" width=\"132\" height=\"45\" src=\"https:\/\/raphael-rebibo.com\/wp-content\/uploads\/2022\/11\/Logo_cineuropa.jpg\" class=\"attachment-full size-full wp-image-904\" alt=\"\" \/>\t\t\t\t\t\t\t\t<\/a>\n\t\t\t\t\t\t\t\t\t\t\t\t\t\t\t<\/div>\n\t\t\t\t<\/div>\n\t\t\t\t\t<\/div>\n\t\t<\/div>\n\t\t\t\t<div class=\"elementor-column elementor-col-16 elementor-top-column elementor-element elementor-element-8f071ff\" data-id=\"8f071ff\" data-element_type=\"column\" data-e-type=\"column\" data-settings=\"{&quot;background_background&quot;:&quot;gradient&quot;}\">\n\t\t\t<div class=\"elementor-widget-wrap elementor-element-populated\">\n\t\t\t\t\t\t<div class=\"elementor-element elementor-element-3fc147c elementor-widget elementor-widget-image\" data-id=\"3fc147c\" data-element_type=\"widget\" data-e-type=\"widget\" data-widget_type=\"image.default\">\n\t\t\t\t<div class=\"elementor-widget-container\">\n\t\t\t\t\t\t\t\t\t\t\t\t\t\t\t\t<a href=\"https:\/\/www.swissfilms.ch\/fr\/person\/fitoussi-martine\/50ADE76860B0404A84C895523D27E427\" target=\"_blank\">\n\t\t\t\t\t\t\t<img loading=\"lazy\" decoding=\"async\" width=\"1134\" height=\"182\" src=\"https:\/\/raphael-rebibo.com\/wp-content\/uploads\/2022\/11\/Logo_SWISSFILM.png\" class=\"attachment-full size-full wp-image-916\" alt=\"\" srcset=\"https:\/\/raphael-rebibo.com\/wp-content\/uploads\/2022\/11\/Logo_SWISSFILM.png 1134w, https:\/\/raphael-rebibo.com\/wp-content\/uploads\/2022\/11\/Logo_SWISSFILM-300x48.png 300w, https:\/\/raphael-rebibo.com\/wp-content\/uploads\/2022\/11\/Logo_SWISSFILM-1024x164.png 1024w, https:\/\/raphael-rebibo.com\/wp-content\/uploads\/2022\/11\/Logo_SWISSFILM-768x123.png 768w\" sizes=\"(max-width: 1134px) 100vw, 1134px\" \/>\t\t\t\t\t\t\t\t<\/a>\n\t\t\t\t\t\t\t\t\t\t\t\t\t\t\t<\/div>\n\t\t\t\t<\/div>\n\t\t\t\t\t<\/div>\n\t\t<\/div>\n\t\t\t\t<div class=\"elementor-column elementor-col-16 elementor-top-column elementor-element elementor-element-e14ab15\" data-id=\"e14ab15\" data-element_type=\"column\" data-e-type=\"column\" data-settings=\"{&quot;background_background&quot;:&quot;gradient&quot;}\">\n\t\t\t<div class=\"elementor-widget-wrap elementor-element-populated\">\n\t\t\t\t\t\t<div class=\"elementor-element elementor-element-784c624 elementor-widget elementor-widget-image\" data-id=\"784c624\" data-element_type=\"widget\" data-e-type=\"widget\" data-widget_type=\"image.default\">\n\t\t\t\t<div class=\"elementor-widget-container\">\n\t\t\t\t\t\t\t\t\t\t\t\t\t\t\t\t<a href=\"https:\/\/www.allocine.fr\/personne\/fichepersonne_gen_cpersonne=731888.html\" target=\"_blank\">\n\t\t\t\t\t\t\t<img loading=\"lazy\" decoding=\"async\" width=\"150\" height=\"41\" src=\"https:\/\/raphael-rebibo.com\/wp-content\/uploads\/2022\/11\/logo-allocine.png\" class=\"attachment-thumbnail size-thumbnail wp-image-919\" alt=\"\" \/>\t\t\t\t\t\t\t\t<\/a>\n\t\t\t\t\t\t\t\t\t\t\t\t\t\t\t<\/div>\n\t\t\t\t<\/div>\n\t\t\t\t\t<\/div>\n\t\t<\/div>\n\t\t\t\t<div class=\"elementor-column elementor-col-16 elementor-top-column elementor-element elementor-element-944ec08\" data-id=\"944ec08\" data-element_type=\"column\" data-e-type=\"column\" data-settings=\"{&quot;background_background&quot;:&quot;gradient&quot;}\">\n\t\t\t<div class=\"elementor-widget-wrap elementor-element-populated\">\n\t\t\t\t\t\t<div class=\"elementor-element elementor-element-8dfd648 elementor-widget elementor-widget-image\" data-id=\"8dfd648\" data-element_type=\"widget\" data-e-type=\"widget\" data-widget_type=\"image.default\">\n\t\t\t\t<div class=\"elementor-widget-container\">\n\t\t\t\t\t\t\t\t\t\t\t\t\t\t\t\t<a href=\"https:\/\/www.agencecm.com\/index.php?r=movie%2Fview2&#038;id=ae4785d051064beebb47ac03c05b7606\" target=\"_blank\">\n\t\t\t\t\t\t\t<img loading=\"lazy\" decoding=\"async\" width=\"320\" height=\"125\" src=\"https:\/\/raphael-rebibo.com\/wp-content\/uploads\/2022\/11\/Logo_ACM.png\" class=\"attachment-full size-full wp-image-900\" alt=\"\" srcset=\"https:\/\/raphael-rebibo.com\/wp-content\/uploads\/2022\/11\/Logo_ACM.png 320w, https:\/\/raphael-rebibo.com\/wp-content\/uploads\/2022\/11\/Logo_ACM-300x117.png 300w\" sizes=\"(max-width: 320px) 100vw, 320px\" \/>\t\t\t\t\t\t\t\t<\/a>\n\t\t\t\t\t\t\t\t\t\t\t\t\t\t\t<\/div>\n\t\t\t\t<\/div>\n\t\t\t\t\t<\/div>\n\t\t<\/div>\n\t\t\t\t<div class=\"elementor-column elementor-col-16 elementor-top-column elementor-element elementor-element-86d1c8b\" data-id=\"86d1c8b\" data-element_type=\"column\" data-e-type=\"column\" data-settings=\"{&quot;background_background&quot;:&quot;gradient&quot;}\">\n\t\t\t<div class=\"elementor-widget-wrap elementor-element-populated\">\n\t\t\t\t\t\t<div class=\"elementor-element elementor-element-1b00513 elementor-widget elementor-widget-image\" data-id=\"1b00513\" data-element_type=\"widget\" data-e-type=\"widget\" data-widget_type=\"image.default\">\n\t\t\t\t<div class=\"elementor-widget-container\">\n\t\t\t\t\t\t\t\t\t\t\t\t\t\t\t\t<a href=\"https:\/\/www.cst.fr\/\" target=\"_blank\">\n\t\t\t\t\t\t\t<img loading=\"lazy\" decoding=\"async\" width=\"141\" height=\"45\" src=\"https:\/\/raphael-rebibo.com\/wp-content\/uploads\/2022\/11\/logo_CST.jpg\" class=\"attachment-full size-full wp-image-906\" alt=\"\" \/>\t\t\t\t\t\t\t\t<\/a>\n\t\t\t\t\t\t\t\t\t\t\t\t\t\t\t<\/div>\n\t\t\t\t<\/div>\n\t\t\t\t\t<\/div>\n\t\t<\/div>\n\t\t\t\t\t<\/div>\n\t\t<\/section>\n\t\t\t\t<\/div>","protected":false},"excerpt":{"rendered":"<p>Martine Fitoussi *** Des \u00e9tudes de cin\u00e9ma \u00e0 l\u2019Universit\u00e9 de Paris 8.**assistante \u00e0 la r\u00e9alisation (1978-1979) sur deux courts-m\u00e9trages \u00ab l\u2019affichiste \u00bb de Herv\u00e9 Morvan et \u00ab Le Po\u00ebme \u00bb de Bogdan Borkowski, **Assistante \u00e0 la r\u00e9alisation sur 3 longs-m\u00e9trages \u00ab Le Comte de Monte Christo \u00bb de Denis de la Patelli\u00e8re, \u00ab Les Filles&#8230;<\/p>","protected":false},"author":1,"featured_media":0,"parent":0,"menu_order":0,"comment_status":"closed","ping_status":"closed","template":"","meta":{"_kadence_starter_templates_imported_post":false,"_kad_post_transparent":"","_kad_post_title":"hide","_kad_post_layout":"fullwidth","_kad_post_sidebar_id":"","_kad_post_content_style":"unboxed","_kad_post_vertical_padding":"hide","_kad_post_feature":"hide","_kad_post_feature_position":"","_kad_post_header":false,"_kad_post_footer":false,"_kad_post_classname":"","footnotes":""},"class_list":["post-11","page","type-page","status-publish","hentry"],"_links":{"self":[{"href":"https:\/\/raphael-rebibo.com\/en\/wp-json\/wp\/v2\/pages\/11","targetHints":{"allow":["GET"]}}],"collection":[{"href":"https:\/\/raphael-rebibo.com\/en\/wp-json\/wp\/v2\/pages"}],"about":[{"href":"https:\/\/raphael-rebibo.com\/en\/wp-json\/wp\/v2\/types\/page"}],"author":[{"embeddable":true,"href":"https:\/\/raphael-rebibo.com\/en\/wp-json\/wp\/v2\/users\/1"}],"replies":[{"embeddable":true,"href":"https:\/\/raphael-rebibo.com\/en\/wp-json\/wp\/v2\/comments?post=11"}],"version-history":[{"count":65,"href":"https:\/\/raphael-rebibo.com\/en\/wp-json\/wp\/v2\/pages\/11\/revisions"}],"predecessor-version":[{"id":1851,"href":"https:\/\/raphael-rebibo.com\/en\/wp-json\/wp\/v2\/pages\/11\/revisions\/1851"}],"wp:attachment":[{"href":"https:\/\/raphael-rebibo.com\/en\/wp-json\/wp\/v2\/media?parent=11"}],"curies":[{"name":"wp","href":"https:\/\/api.w.org\/{rel}","templated":true}]}}