{"id":17,"date":"2022-10-31T12:02:10","date_gmt":"2022-10-31T12:02:10","guid":{"rendered":"http:\/\/raphael-rebibo.local\/?page_id=17"},"modified":"2023-10-05T09:22:25","modified_gmt":"2023-10-05T09:22:25","slug":"contact","status":"publish","type":"page","link":"http:\/\/raphael-rebibo.com\/en\/contact\/","title":{"rendered":"Contact"},"content":{"rendered":"<div data-elementor-type=\"wp-page\" data-elementor-id=\"17\" class=\"elementor elementor-17\">\n\t\t\t\t\t\t<section class=\"elementor-section elementor-top-section elementor-element elementor-element-e979b1a elementor-section-boxed elementor-section-height-default elementor-section-height-default\" data-id=\"e979b1a\" data-element_type=\"section\" data-e-type=\"section\">\n\t\t\t\t\t\t<div class=\"elementor-container elementor-column-gap-default\">\n\t\t\t\t\t<div class=\"elementor-column elementor-col-100 elementor-top-column elementor-element elementor-element-54dca1c\" data-id=\"54dca1c\" data-element_type=\"column\" data-e-type=\"column\">\n\t\t\t<div class=\"elementor-widget-wrap elementor-element-populated\">\n\t\t\t\t\t\t<div class=\"elementor-element elementor-element-4fefcee elementor-widget elementor-widget-text-editor\" data-id=\"4fefcee\" data-element_type=\"widget\" data-e-type=\"widget\" data-widget_type=\"text-editor.default\">\n\t\t\t\t<div class=\"elementor-widget-container\">\n\t\t\t\t\t\t\t\t\t<p style=\"text-align: justify;\"><strong>Mentions l\u00e9gales<\/strong><\/p>\n<p><strong>Editor<\/strong> : Rapha\u00ebl Rebibo Magora Productions 41, rue Godot de Mauroy 75009 Paris<br><strong>Phone<\/strong>&nbsp;0144719200 <br><strong>Site manager and communication<\/strong> : Martine Fitoussi<br><strong>Webmaster<\/strong> : Thierry Frentzel<br><strong>Host<\/strong> : OVH SAS Si\u00e8ge social 2 rue Kellermann 59100 Roubaix &nbsp;France.<\/p>\n<p><strong>Rights of visuals \u00a9<\/strong>All rights reserved on all visuals and texts<br><strong>Intellectual property <\/strong> : This website and all of its content, including texts, fixed or animated images, database, programs, etc., are the property of Rapha\u00ebl Rebibo and are protected by copyright. Rapha\u00ebl Rebibo \/ Magora Productions respects the recommendations of the CNIL (National Commission for Computing and Liberties) \u2013 France<\/p>\n<p><\/p>\t\t\t\t\t\t\t\t<\/div>\n\t\t\t\t<\/div>\n\t\t\t\t\t<\/div>\n\t\t<\/div>\n\t\t\t\t\t<\/div>\n\t\t<\/section>\n\t\t\t\t<section class=\"elementor-section elementor-top-section elementor-element elementor-element-00f4197 elementor-section-boxed elementor-section-height-default elementor-section-height-default\" data-id=\"00f4197\" data-element_type=\"section\" data-e-type=\"section\">\n\t\t\t\t\t\t<div class=\"elementor-container elementor-column-gap-default\">\n\t\t\t\t\t<div class=\"elementor-column elementor-col-100 elementor-top-column elementor-element elementor-element-dae6644\" data-id=\"dae6644\" data-element_type=\"column\" data-e-type=\"column\">\n\t\t\t<div class=\"elementor-widget-wrap elementor-element-populated\">\n\t\t\t\t\t\t<div class=\"elementor-element elementor-element-90ea8c4 elementor-widget elementor-widget-image\" data-id=\"90ea8c4\" data-element_type=\"widget\" data-e-type=\"widget\" data-widget_type=\"image.default\">\n\t\t\t\t<div class=\"elementor-widget-container\">\n\t\t\t\t\t\t\t\t\t\t\t\t\t\t\t<img fetchpriority=\"high\" decoding=\"async\" width=\"1080\" height=\"608\" src=\"https:\/\/raphael-rebibo.com\/wp-content\/uploads\/2023\/10\/Mur_Film_raphael_Rebibo_RVB_1080.jpg\" class=\"attachment-2048x2048 size-2048x2048 wp-image-1866\" alt=\"\" srcset=\"https:\/\/raphael-rebibo.com\/wp-content\/uploads\/2023\/10\/Mur_Film_raphael_Rebibo_RVB_1080.jpg 1080w, https:\/\/raphael-rebibo.com\/wp-content\/uploads\/2023\/10\/Mur_Film_raphael_Rebibo_RVB_1080-300x169.jpg 300w, https:\/\/raphael-rebibo.com\/wp-content\/uploads\/2023\/10\/Mur_Film_raphael_Rebibo_RVB_1080-1024x576.jpg 1024w, https:\/\/raphael-rebibo.com\/wp-content\/uploads\/2023\/10\/Mur_Film_raphael_Rebibo_RVB_1080-768x432.jpg 768w, https:\/\/raphael-rebibo.com\/wp-content\/uploads\/2023\/10\/Mur_Film_raphael_Rebibo_RVB_1080-18x10.jpg 18w\" sizes=\"(max-width: 1080px) 100vw, 1080px\" \/>\t\t\t\t\t\t\t\t\t\t\t\t\t\t\t<\/div>\n\t\t\t\t<\/div>\n\t\t\t\t\t<\/div>\n\t\t<\/div>\n\t\t\t\t\t<\/div>\n\t\t<\/section>\n\t\t\t\t<\/div>","protected":false},"excerpt":{"rendered":"<p>Mentions l\u00e9gales Editeur : Rapha\u00ebl Rebibo Magora Productions 41, rue Godot de Mauroy 75009 ParisT\u00e9l\u00e9phone&nbsp;0144719200 Responsable et communicatiion du site : Martine FitoussiWebmaster : Thierry FrentzelH\u00e9bergeur : OVH SAS Si\u00e8ge social 2 rue Kellermann 59100 Roubaix &nbsp;France. Droits des visuels \u00a9Tous droits r\u00e9serv\u00e9s sur l\u2019ensemble des visuels et des textesPropri\u00e9t\u00e9 intellectuelle : Le pr\u00e9sent site&#8230;<\/p>","protected":false},"author":1,"featured_media":0,"parent":0,"menu_order":0,"comment_status":"closed","ping_status":"closed","template":"","meta":{"_kadence_starter_templates_imported_post":false,"_kad_post_transparent":"","_kad_post_title":"hide","_kad_post_layout":"fullwidth","_kad_post_sidebar_id":"","_kad_post_content_style":"unboxed","_kad_post_vertical_padding":"hide","_kad_post_feature":"hide","_kad_post_feature_position":"","_kad_post_header":false,"_kad_post_footer":false,"_kad_post_classname":"","footnotes":""},"class_list":["post-17","page","type-page","status-publish","hentry"],"_links":{"self":[{"href":"http:\/\/raphael-rebibo.com\/en\/wp-json\/wp\/v2\/pages\/17","targetHints":{"allow":["GET"]}}],"collection":[{"href":"http:\/\/raphael-rebibo.com\/en\/wp-json\/wp\/v2\/pages"}],"about":[{"href":"http:\/\/raphael-rebibo.com\/en\/wp-json\/wp\/v2\/types\/page"}],"author":[{"embeddable":true,"href":"http:\/\/raphael-rebibo.com\/en\/wp-json\/wp\/v2\/users\/1"}],"replies":[{"embeddable":true,"href":"http:\/\/raphael-rebibo.com\/en\/wp-json\/wp\/v2\/comments?post=17"}],"version-history":[{"count":49,"href":"http:\/\/raphael-rebibo.com\/en\/wp-json\/wp\/v2\/pages\/17\/revisions"}],"predecessor-version":[{"id":1881,"href":"http:\/\/raphael-rebibo.com\/en\/wp-json\/wp\/v2\/pages\/17\/revisions\/1881"}],"wp:attachment":[{"href":"http:\/\/raphael-rebibo.com\/en\/wp-json\/wp\/v2\/media?parent=17"}],"curies":[{"name":"wp","href":"https:\/\/api.w.org\/{rel}","templated":true}]}}